{"id":189,"date":"2021-08-11T22:30:27","date_gmt":"2021-08-11T22:30:27","guid":{"rendered":"https:\/\/sukiyaki-restaurants.com\/home\/"},"modified":"2024-03-08T16:32:27","modified_gmt":"2024-03-08T16:32:27","slug":"home","status":"publish","type":"page","link":"https:\/\/sukiyaki-restaurants.com\/fr\/","title":{"rendered":"Accueil"},"content":{"rendered":"\t\t<div data-elementor-type=\"wp-page\" data-elementor-id=\"189\" class=\"elementor elementor-189 elementor-13\" data-elementor-post-type=\"page\">\n\t\t\t\t\t\t<section class=\"elementor-section elementor-top-section elementor-element elementor-element-e1dd2fc elementor-section-full_width elementor-section-height-default elementor-section-height-default\" data-id=\"e1dd2fc\" data-element_type=\"section\" data-e-type=\"section\">\n\t\t\t\t\t\t<div class=\"elementor-container elementor-column-gap-default\">\n\t\t\t\t\t<div class=\"elementor-column elementor-col-100 elementor-top-column elementor-element elementor-element-6c140b7\" data-id=\"6c140b7\" data-element_type=\"column\" data-e-type=\"column\">\n\t\t\t<div class=\"elementor-widget-wrap elementor-element-populated\">\n\t\t\t\t\t\t<div class=\"elementor-element elementor-element-0e058a3 elementor-widget elementor-widget-shortcode\" data-id=\"0e058a3\" data-element_type=\"widget\" data-e-type=\"widget\" data-widget_type=\"shortcode.default\">\n\t\t\t\t<div class=\"elementor-widget-container\">\n\t\t\t\t\t\t\t<div class=\"elementor-shortcode\">\n<\/div>\n\t\t\t\t\t\t<\/div>\n\t\t\t\t<\/div>\n\t\t\t\t\t<\/div>\n\t\t<\/div>\n\t\t\t\t\t<\/div>\n\t\t<\/section>\n\t\t\t\t<section class=\"elementor-section elementor-top-section elementor-element elementor-element-17c7b91 elementor-section-boxed elementor-section-height-default elementor-section-height-default\" data-id=\"17c7b91\" data-element_type=\"section\" data-e-type=\"section\" data-settings=\"{&quot;background_background&quot;:&quot;classic&quot;}\">\n\t\t\t\t\t\t<div class=\"elementor-container elementor-column-gap-default\">\n\t\t\t\t\t<div class=\"elementor-column elementor-col-100 elementor-top-column elementor-element elementor-element-8e7713e\" data-id=\"8e7713e\" data-element_type=\"column\" data-e-type=\"column\">\n\t\t\t<div class=\"elementor-widget-wrap elementor-element-populated\">\n\t\t\t\t\t\t<div class=\"elementor-element elementor-element-4fa393c elementor-widget elementor-widget-heading\" data-id=\"4fa393c\" data-element_type=\"widget\" data-e-type=\"widget\" data-widget_type=\"heading.default\">\n\t\t\t\t<div class=\"elementor-widget-container\">\n\t\t\t\t\t<h3 class=\"elementor-heading-title elementor-size-default\">Sukiyaki s'engage \u00e0 offrir une exp\u00e9rience de service rapide de style Teppan japonais de qualit\u00e9 sup\u00e9rieure. <\/h3>\t\t\t\t<\/div>\n\t\t\t\t<\/div>\n\t\t\t\t<div class=\"elementor-element elementor-element-0d705f3 elementor-widget elementor-widget-text-editor\" data-id=\"0d705f3\" data-element_type=\"widget\" data-e-type=\"widget\" data-widget_type=\"text-editor.default\">\n\t\t\t\t<div class=\"elementor-widget-container\">\n\t\t\t\t\t\t\t\t\tCompos\u00e9s uniquement des ingr\u00e9dients les plus fins et les plus frais, nos plats saut\u00e9s teppanyaki sont pr\u00e9par\u00e9s sur commande et sont appr\u00e9ci\u00e9s par nos clients depuis 1985. Chez Sukiyaki, notre passion r\u00e9side dans notre nourriture et notre service &#8211; jamais de compromis et toujours servi avec respect.\t\t\t\t\t\t\t\t<\/div>\n\t\t\t\t<\/div>\n\t\t\t\t\t<\/div>\n\t\t<\/div>\n\t\t\t\t\t<\/div>\n\t\t<\/section>\n\t\t\t\t<\/div>\n\t\t","protected":false},"excerpt":{"rendered":"<p>Sukiyaki s&rsquo;engage \u00e0 offrir une exp\u00e9rience de service rapide de style Teppan japonais de qualit\u00e9 sup\u00e9rieure. Compos\u00e9s uniquement des ingr\u00e9dients les plus fins et les plus frais, nos plats saut\u00e9s teppanyaki sont pr\u00e9par\u00e9s sur commande et sont appr\u00e9ci\u00e9s par nos clients depuis 1985. Chez Sukiyaki, notre passion r\u00e9side dans notre nourriture et notre service &#8211;&hellip; <a class=\"more-link\" href=\"https:\/\/sukiyaki-restaurants.com\/fr\/\">Poursuivre la lecture <span class=\"screen-reader-text\">Accueil<\/span><\/a><\/p>\n","protected":false},"author":1,"featured_media":0,"parent":0,"menu_order":0,"comment_status":"closed","ping_status":"closed","template":"elementor_header_footer","meta":{"footnotes":""},"class_list":["post-189","page","type-page","status-publish","hentry","entry"],"_links":{"self":[{"href":"https:\/\/sukiyaki-restaurants.com\/fr\/wp-json\/wp\/v2\/pages\/189","targetHints":{"allow":["GET"]}}],"collection":[{"href":"https:\/\/sukiyaki-restaurants.com\/fr\/wp-json\/wp\/v2\/pages"}],"about":[{"href":"https:\/\/sukiyaki-restaurants.com\/fr\/wp-json\/wp\/v2\/types\/page"}],"author":[{"embeddable":true,"href":"https:\/\/sukiyaki-restaurants.com\/fr\/wp-json\/wp\/v2\/users\/1"}],"replies":[{"embeddable":true,"href":"https:\/\/sukiyaki-restaurants.com\/fr\/wp-json\/wp\/v2\/comments?post=189"}],"version-history":[{"count":0,"href":"https:\/\/sukiyaki-restaurants.com\/fr\/wp-json\/wp\/v2\/pages\/189\/revisions"}],"wp:attachment":[{"href":"https:\/\/sukiyaki-restaurants.com\/fr\/wp-json\/wp\/v2\/media?parent=189"}],"curies":[{"name":"wp","href":"https:\/\/api.w.org\/{rel}","templated":true}]}}